{"id":4130,"date":"2018-09-17T21:56:36","date_gmt":"2018-09-17T19:56:36","guid":{"rendered":"http:\/\/www.akorcula.com\/prizba\/"},"modified":"2019-06-06T10:16:00","modified_gmt":"2019-06-06T08:16:00","slug":"prizba","status":"publish","type":"page","link":"https:\/\/www.akorcula.com\/hr\/prizba\/","title":{"rendered":"Otok Kor\u010dula"},"content":{"rendered":"<div id=\"pl-4130\"  class=\"panel-layout\" ><div id=\"pg-4130-0\"  class=\"panel-grid panel-no-style\" ><div id=\"pgc-4130-0-0\"  class=\"panel-grid-cell\" ><div id=\"panel-4130-0-0-0\" class=\"so-panel widget widget_sow-headline panel-first-child panel-last-child\" data-index=\"0\" ><div\n\t\t\t\n\t\t\tclass=\"so-widget-sow-headline so-widget-sow-headline-default-6b52635ceda7-4130 so-widget-fittext-wrapper\"\n\t\t\t data-fit-text-compressor=\"0.8\"\n\t\t><div class=\"sow-headline-container \">\n\t\t\t\t\t\t\t<h1 class=\"sow-headline\">\n\t\t\t\t\t\tOtok Kor\u010dula - Mjesta za posjetiti\t\t\t\t\t\t<\/h1>\n\t\t\t\t\t\t<\/div>\n<\/div><\/div><\/div><\/div><div id=\"pg-4130-1\"  class=\"panel-grid panel-no-style\" ><div id=\"pgc-4130-1-0\"  class=\"panel-grid-cell\" ><div id=\"panel-4130-1-0-0\" class=\"so-panel widget widget_sow-headline panel-first-child\" data-index=\"1\" ><div\n\t\t\t\n\t\t\tclass=\"so-widget-sow-headline so-widget-sow-headline-default-65bb8fb225db-4130\"\n\t\t\t\n\t\t><div class=\"sow-headline-container \">\n\t\t\t\t\t\t\t<h2 class=\"sow-headline\">\n\t\t\t\t\t\tBlato\t\t\t\t\t\t<\/h2>\n\t\t\t\t\t\t\t\t\t\t\t<div class=\"decoration\">\n\t\t\t\t\t\t<div class=\"decoration-inside\"><\/div>\n\t\t\t\t\t<\/div>\n\t\t\t\t\t<\/div>\n<\/div><\/div><div id=\"panel-4130-1-0-1\" class=\"so-panel widget widget_sow-editor\" data-index=\"2\" ><div\n\t\t\t\n\t\t\tclass=\"so-widget-sow-editor so-widget-sow-editor-base\"\n\t\t\t\n\t\t>\n<div class=\"siteorigin-widget-tinymce textwidget\">\n\t<!-- ipanorama begin -->\n<style>\n@import url(\"https:\/\/www.akorcula.com\/wp-content\/plugins\/ipanorama\/lib\/ipanorama.theme.dark.css?ver=ipanorama\");\n<\/style>\n<div id=\"ipnrm-data-ihhyq-4327\" style=\"display:none;\">\n<div id=\"ipnrm-data-scene-ihhyq-scene1\">Linden Tree Alley<\/div>\n<div id=\"ipnrm-data-scene-ihhyq-scene1-popover-0\"><\/div>\n<div id=\"ipnrm-data-scene-ihhyq-scene2\">Park<\/div>\n<div id=\"ipnrm-data-scene-ihhyq-scene2-popover-0\"><\/div>\n<div id=\"ipnrm-data-scene-ihhyq-scene2-popover-1\"><\/div>\n<div id=\"ipnrm-data-scene-ihhyq-scene3\">Church Square<\/div>\n<div id=\"ipnrm-data-scene-ihhyq-scene3-popover-0\"><\/div>\n<\/div>\n<div id=\"ipnrm-ihhyq-4327\" style=\"width:100%;height:450px;\"><\/div>\n<script type=\"text\/javascript\">\njQuery( document ).ready(function( jQuery ) {\njQuery( \"#ipnrm-ihhyq-4327\" ).ipanorama({\ntheme: \"ipnrm-theme-dark\",\nautoLoad: true,\nautoRotate: true,\nautoRotateSpeed: 0.01,\nautoRotateInactivityDelay: 3000,\nmouseWheelPreventDefault: true,\nmouseWheelRotate: false,\nmouseWheelRotateCoef: 0.2,\nmouseWheelZoom: false,\nmouseWheelZoomCoef: 0.05,\nhoverGrab: false,\nhoverGrabYawCoef: 20,\nhoverGrabPitchCoef: 20,\ngrab: true,\ngrabCoef: 0.1,\nshowControlsOnHover: false,\nshowSceneThumbsCtrl: false,\nshowSceneMenuCtrl: false,\nshowSceneNextPrevCtrl: true,\nshowShareCtrl: false,\nshowZoomCtrl: true,\nshowFullscreenCtrl: true,\nshowAutoRotateCtrl: true,\nsceneThumbsVertical: false,\nsceneThumbsStatic: false,\ntitle: false,\ncompass: false,\nkeyboardNav: false,\nkeyboardZoom: false,\nsceneNextPrevLoop: false,\npopover: true,\npopoverPlacement: \"top\",\npopoverShowTrigger: \"hover\",\npopoverHideTrigger: \"leave\",\nhotSpotBelowPopover: true,\nmobile: false,\nsceneFadeDuration: 2000,\nsceneBackgroundLoad: false,\nsceneId: \"scene1\",\nscenes: {\nscene1: {\ntype: \"sphere\",\ncubeTextureCount: \"single\",\nsphereWidthSegments: 100,\nsphereHeightSegments: 40,\nimage: \"https:\/\/www.akorcula.com\/wp-content\/uploads\/\/2019\/02\/360-blato-linden-alley.jpg\",\nsaveCamera: true,\ntitleHtml: false,\ntitleSelector: \"#ipnrm-data-scene-ihhyq-scene1\",\nhotSpots: [\n{\nyaw: 144.44279825528,\npitch: -0.68592451312141,\nsceneId: \"scene2\",\nlinkNewWindow: false,\nimageUrl: \"\",\n},\n]\n},\nscene2: {\ntype: \"sphere\",\ncubeTextureCount: \"single\",\nsphereWidthSegments: 100,\nsphereHeightSegments: 40,\nimage: \"https:\/\/www.akorcula.com\/wp-content\/uploads\/\/2019\/02\/360-blato-park.jpg\",\nsaveCamera: true,\ntitleHtml: false,\ntitleSelector: \"#ipnrm-data-scene-ihhyq-scene2\",\nhotSpots: [\n{\nyaw: 267.55887000834,\npitch: 4.5921251050445,\nsceneId: \"scene1\",\nlinkNewWindow: false,\nimageUrl: \"\",\n},\n{\nyaw: 94.196490879205,\npitch: 8.9836572652641,\nsceneId: \"scene3\",\nlinkNewWindow: false,\nimageUrl: \"\",\n},\n]\n},\nscene3: {\ntype: \"sphere\",\ncubeTextureCount: \"single\",\nsphereWidthSegments: 100,\nsphereHeightSegments: 40,\nimage: \"https:\/\/www.akorcula.com\/wp-content\/uploads\/\/2019\/02\/360-blato-church-square.jpg\",\nsaveCamera: true,\ntitleHtml: false,\ntitleSelector: \"#ipnrm-data-scene-ihhyq-scene3\",\nhotSpots: [\n{\nyaw: 272.12838917002,\npitch: 2.9558849587089,\nsceneId: \"scene2\",\nlinkNewWindow: false,\nimageUrl: \"\",\n},\n]\n},\n}\n});\n});\n<\/script>\n<!-- ipanorama end -->\n\t\t\n<\/div>\n<\/div><\/div><div id=\"panel-4130-1-0-2\" class=\"so-panel widget widget_sow-editor panel-last-child\" data-index=\"3\" ><div\n\t\t\t\n\t\t\tclass=\"so-widget-sow-editor so-widget-sow-editor-base\"\n\t\t\t\n\t\t>\n<div class=\"siteorigin-widget-tinymce textwidget\">\n\t<p>Povijesno mjesto sa zanimljivim starom jezgrom, glavnim trgom i crkvom koji datiraju prije XIV. stolje\u0107a i gdje se odvijaju raznolike kulturne manifestacije. Posjetite ovo mjesto i pogledajte ma\u010devni ples Kumpanjiju, koji se odvija \u010desto za vrijeme ljeta. Kumpanjija je kompleksan ples s ma\u010devima koji se izvodi uz zvuk mi\u0161njice (jedne vrste mijeha ili gajdi) i koji se odvija u \u010dast hrabrim \u017eiteljima Blata koji su stali u obranu protiv neprijatelja koji su napali Blato prije mnogo stolje\u0107a. Duga\u010dka aleja lipa tako\u0111er je jedan od simbola Blata i \u010dija sjena stvara lijepu \u0161etnicu. Stoljetna tradicija vinarstva oblikovala je razne sorte vina koje se mogu probati u obli\u017enjoj ku\u0161aonici vina - savr\u0161enom mjestu za odmor nakon popodnevne \u0161etnje kroz Blato.<\/p>\n<\/div>\n<\/div><\/div><\/div><\/div><div id=\"pg-4130-2\"  class=\"panel-grid panel-no-style\" ><div id=\"pgc-4130-2-0\"  class=\"panel-grid-cell\" ><div id=\"panel-4130-2-0-0\" class=\"so-panel widget widget_sow-headline panel-first-child\" data-index=\"4\" ><div\n\t\t\t\n\t\t\tclass=\"so-widget-sow-headline so-widget-sow-headline-default-65bb8fb225db-4130\"\n\t\t\t\n\t\t><div class=\"sow-headline-container \">\n\t\t\t\t\t\t\t<h2 class=\"sow-headline\">\n\t\t\t\t\t\tVela Luka\t\t\t\t\t\t<\/h2>\n\t\t\t\t\t\t\t\t\t\t\t<div class=\"decoration\">\n\t\t\t\t\t\t<div class=\"decoration-inside\"><\/div>\n\t\t\t\t\t<\/div>\n\t\t\t\t\t<\/div>\n<\/div><\/div><div id=\"panel-4130-2-0-1\" class=\"so-panel widget widget_sow-editor\" data-index=\"5\" ><div\n\t\t\t\n\t\t\tclass=\"so-widget-sow-editor so-widget-sow-editor-base\"\n\t\t\t\n\t\t>\n<div class=\"siteorigin-widget-tinymce textwidget\">\n\t<div class=\"slick-slider-wrapper\">\n<div class=\"slick-slider slick-slider--size-medium\" id=\"slick-slider-1\" data-slick='{\"useCSS\":false,\"infinite\":false,\"lazyLoad\":\"progressive\"}'>\n<div class=\"slide\" data-attachment-id=\"3892\">\n<div class=\"slide__inner\">\n<a href='https:\/\/www.akorcula.com\/wp-content\/uploads\/2019\/01\/vela-luka-zalazak-kad-ja-vidim-001.jpg'><img width=\"900\" height=\"596\" class=\"attachment-medium size-medium\" alt=\"vela-luka-zalazak-kad-ja-vidim-001\" data-sizes=\"(max-width: 900px) 100vw, 900px\" data-lazy=\"https:\/\/www.akorcula.com\/wp-content\/uploads\/2019\/01\/vela-luka-zalazak-kad-ja-vidim-001-900x596.jpg\" data-srcset=\"https:\/\/www.akorcula.com\/wp-content\/uploads\/2019\/01\/vela-luka-zalazak-kad-ja-vidim-001-900x596.jpg 900w, https:\/\/www.akorcula.com\/wp-content\/uploads\/2019\/01\/vela-luka-zalazak-kad-ja-vidim-001-200x133.jpg 200w, https:\/\/www.akorcula.com\/wp-content\/uploads\/2019\/01\/vela-luka-zalazak-kad-ja-vidim-001-768x509.jpg 768w, https:\/\/www.akorcula.com\/wp-content\/uploads\/2019\/01\/vela-luka-zalazak-kad-ja-vidim-001-1200x795.jpg 1200w, https:\/\/www.akorcula.com\/wp-content\/uploads\/2019\/01\/vela-luka-zalazak-kad-ja-vidim-001.jpg 1600w\" \/><\/a>\n<\/div>\n<\/div>\n<div class=\"slide\" data-attachment-id=\"3888\">\n<div class=\"slide__inner\">\n<a href='https:\/\/www.akorcula.com\/wp-content\/uploads\/2019\/01\/vela-luka-panorama-evening-01.jpg'><img width=\"900\" height=\"596\" class=\"attachment-medium size-medium\" alt=\"vela-luka-panorama-evening-01\" data-sizes=\"(max-width: 900px) 100vw, 900px\" data-lazy=\"https:\/\/www.akorcula.com\/wp-content\/uploads\/2019\/01\/vela-luka-panorama-evening-01-900x596.jpg\" data-srcset=\"https:\/\/www.akorcula.com\/wp-content\/uploads\/2019\/01\/vela-luka-panorama-evening-01-900x596.jpg 900w, https:\/\/www.akorcula.com\/wp-content\/uploads\/2019\/01\/vela-luka-panorama-evening-01-200x133.jpg 200w, https:\/\/www.akorcula.com\/wp-content\/uploads\/2019\/01\/vela-luka-panorama-evening-01-768x509.jpg 768w, https:\/\/www.akorcula.com\/wp-content\/uploads\/2019\/01\/vela-luka-panorama-evening-01.jpg 1200w\" \/><\/a>\n<\/div>\n<\/div>\n<div class=\"slide\" data-attachment-id=\"3890\">\n<div class=\"slide__inner\">\n<a href='https:\/\/www.akorcula.com\/wp-content\/uploads\/2019\/01\/vela-luka-panorama-evening-02.jpg'><img width=\"900\" height=\"596\" class=\"attachment-medium size-medium\" alt=\"vela-luka-panorama-evening-02\" data-sizes=\"(max-width: 900px) 100vw, 900px\" data-lazy=\"https:\/\/www.akorcula.com\/wp-content\/uploads\/2019\/01\/vela-luka-panorama-evening-02-900x596.jpg\" data-srcset=\"https:\/\/www.akorcula.com\/wp-content\/uploads\/2019\/01\/vela-luka-panorama-evening-02-900x596.jpg 900w, https:\/\/www.akorcula.com\/wp-content\/uploads\/2019\/01\/vela-luka-panorama-evening-02-200x133.jpg 200w, https:\/\/www.akorcula.com\/wp-content\/uploads\/2019\/01\/vela-luka-panorama-evening-02-768x509.jpg 768w, https:\/\/www.akorcula.com\/wp-content\/uploads\/2019\/01\/vela-luka-panorama-evening-02.jpg 1200w\" \/><\/a>\n<\/div>\n<\/div>\n<\/div>\n<\/div>\n<\/div>\n<\/div><\/div><div id=\"panel-4130-2-0-2\" class=\"so-panel widget widget_sow-editor panel-last-child\" data-index=\"6\" ><div\n\t\t\t\n\t\t\tclass=\"so-widget-sow-editor so-widget-sow-editor-base\"\n\t\t\t\n\t\t>\n<div class=\"siteorigin-widget-tinymce textwidget\">\n\t<p>Vela Luka tipi\u010dna je jadranska uvala gdje se mogu probati tradicionalna riblja jela, iz \u010dije rive se pru\u017ea prekrasan pogled na zalazak sunca i gdje se preko ljeta mo\u017ee u\u017eivati u glazbenim i gastro doga\u0111anjima. Odlu\u010dite li potra\u017eiti vi\u0161e, postoji mnogo toga za istra\u017eiti. Vela Luka je dom jednih od najpoznatijih klapskih pjeva\u010da i povijesno mjesto s poznatim arheolo\u0161kim lokalitetom, pe\u0107inom Velom spilom. Izvan grada, na brdu ju\u017eno od mjesta, nalazi se utvrda Hum, iz koje puca prekrasan pogled na Hvar, Vis i Lastovo. No, izvan grada mo\u017eda je privla\u010dniji oto\u010di\u0107 Proizd, s poznatim pla\u017eama s bistrim tirkiznim morem zbog kojeg \u0107e vam posjet ovom otoku ostati zauvijek u sje\u0107anju.<\/p>\n<\/div>\n<\/div><\/div><\/div><\/div><div id=\"pg-4130-3\"  class=\"panel-grid panel-no-style\" ><div id=\"pgc-4130-3-0\"  class=\"panel-grid-cell\" ><div id=\"panel-4130-3-0-0\" class=\"so-panel widget widget_sow-headline panel-first-child\" data-index=\"7\" ><div\n\t\t\t\n\t\t\tclass=\"so-widget-sow-headline so-widget-sow-headline-default-65bb8fb225db-4130\"\n\t\t\t\n\t\t><div class=\"sow-headline-container \">\n\t\t\t\t\t\t\t<h2 class=\"sow-headline\">\n\t\t\t\t\t\tKor\u010dula\t\t\t\t\t\t<\/h2>\n\t\t\t\t\t\t\t\t\t\t\t<div class=\"decoration\">\n\t\t\t\t\t\t<div class=\"decoration-inside\"><\/div>\n\t\t\t\t\t<\/div>\n\t\t\t\t\t<\/div>\n<\/div><\/div><div id=\"panel-4130-3-0-1\" class=\"so-panel widget widget_sow-editor\" data-index=\"8\" ><div\n\t\t\t\n\t\t\tclass=\"so-widget-sow-editor so-widget-sow-editor-base\"\n\t\t\t\n\t\t>\n<div class=\"siteorigin-widget-tinymce textwidget\">\n\t<div class=\"slick-slider-wrapper\">\n<div class=\"slick-slider slick-slider--size-medium\" id=\"slick-slider-2\" data-slick='{\"useCSS\":false,\"infinite\":false,\"lazyLoad\":\"progressive\"}'>\n<div class=\"slide\" data-attachment-id=\"3886\">\n<div class=\"slide__inner\">\n<a href='https:\/\/www.akorcula.com\/wp-content\/uploads\/2019\/01\/korcula-beach.jpg'><img width=\"900\" height=\"596\" class=\"attachment-medium size-medium\" alt=\"korcula-beach\" data-sizes=\"(max-width: 900px) 100vw, 900px\" data-lazy=\"https:\/\/www.akorcula.com\/wp-content\/uploads\/2019\/01\/korcula-beach-900x596.jpg\" data-srcset=\"https:\/\/www.akorcula.com\/wp-content\/uploads\/2019\/01\/korcula-beach-900x596.jpg 900w, https:\/\/www.akorcula.com\/wp-content\/uploads\/2019\/01\/korcula-beach-200x133.jpg 200w, https:\/\/www.akorcula.com\/wp-content\/uploads\/2019\/01\/korcula-beach-768x509.jpg 768w, https:\/\/www.akorcula.com\/wp-content\/uploads\/2019\/01\/korcula-beach.jpg 1200w\" \/><\/a>\n<\/div>\n<\/div>\n<div class=\"slide\" data-attachment-id=\"3884\">\n<div class=\"slide__inner\">\n<a href='https:\/\/www.akorcula.com\/wp-content\/uploads\/2019\/01\/city-of-korcula-panorama.jpg'><img width=\"900\" height=\"600\" class=\"attachment-medium size-medium\" alt=\"city-of-korcula-panorama\" data-sizes=\"(max-width: 900px) 100vw, 900px\" data-lazy=\"https:\/\/www.akorcula.com\/wp-content\/uploads\/2019\/01\/city-of-korcula-panorama-900x600.jpg\" data-srcset=\"https:\/\/www.akorcula.com\/wp-content\/uploads\/2019\/01\/city-of-korcula-panorama-900x600.jpg 900w, https:\/\/www.akorcula.com\/wp-content\/uploads\/2019\/01\/city-of-korcula-panorama-200x133.jpg 200w, https:\/\/www.akorcula.com\/wp-content\/uploads\/2019\/01\/city-of-korcula-panorama-768x512.jpg 768w, https:\/\/www.akorcula.com\/wp-content\/uploads\/2019\/01\/city-of-korcula-panorama.jpg 1200w\" \/><\/a>\n<\/div>\n<\/div>\n<div class=\"slide\" data-attachment-id=\"3882\">\n<div class=\"slide__inner\">\n<a href='https:\/\/www.akorcula.com\/wp-content\/uploads\/2019\/01\/badija-monastery.jpg'><img width=\"900\" height=\"596\" class=\"attachment-medium size-medium\" alt=\"badija-monastery\" data-sizes=\"(max-width: 900px) 100vw, 900px\" data-lazy=\"https:\/\/www.akorcula.com\/wp-content\/uploads\/2019\/01\/badija-monastery-900x596.jpg\" data-srcset=\"https:\/\/www.akorcula.com\/wp-content\/uploads\/2019\/01\/badija-monastery-900x596.jpg 900w, https:\/\/www.akorcula.com\/wp-content\/uploads\/2019\/01\/badija-monastery-200x133.jpg 200w, https:\/\/www.akorcula.com\/wp-content\/uploads\/2019\/01\/badija-monastery-768x509.jpg 768w, https:\/\/www.akorcula.com\/wp-content\/uploads\/2019\/01\/badija-monastery.jpg 1200w\" \/><\/a>\n<\/div>\n<\/div>\n<\/div>\n<\/div>\n<\/div>\n<\/div><\/div><div id=\"panel-4130-3-0-2\" class=\"so-panel widget widget_sow-editor panel-last-child\" data-index=\"9\" ><div\n\t\t\t\n\t\t\tclass=\"so-widget-sow-editor so-widget-sow-editor-base\"\n\t\t\t\n\t\t>\n<div class=\"siteorigin-widget-tinymce textwidget\">\n\t<p>Dobrodo\u0161li u grad Kor\u010dulu, prepoznatljivo povijesno mjesto na isto\u010dnoj strani otoka Kor\u010dule jedno je od istaknutih mjesta ovog podru\u010dja. Do\u017eivite ambijent grada okru\u017eenog zidinama i kulama i u kojem se nalaze crkve, ku\u0107e, trgovi, ulice, sve vrijedno pogledati i vidjeti kako su majstori arhitekture, od srednjeg vijeka do renesanse, izra\u017eavali svoju vje\u0161tinu u kamenu stvaraju\u0107i grad posebne ljepote i mediteranskog ugo\u0111aja. Njezine ulice ljeti o\u017eive pozivaju\u0107i vas u male konobe ili na hotelske terase s kojih se pru\u017eaju prekrasni vidici na Pelje\u0161ac i morske sutone najljep\u0161ih boja. Kor\u010dula \u017eivi za svoje goste pa im prire\u0111uje smotre folklora, izlo\u017ebe ili pak do\u010dek po\u010detka drugog dijela godine.<\/p>\n<\/div>\n<\/div><\/div><\/div><\/div><div id=\"pg-4130-4\"  class=\"panel-grid panel-has-style\" ><div class=\"panel-row-style panel-row-style-for-4130-4\" ><div id=\"pgc-4130-4-0\"  class=\"panel-grid-cell\" ><div id=\"panel-4130-4-0-0\" class=\"so-panel widget widget_sow-headline panel-first-child\" data-index=\"10\" ><div\n\t\t\t\n\t\t\tclass=\"so-widget-sow-headline so-widget-sow-headline-default-0c0c8fe32aa5-4130\"\n\t\t\t\n\t\t><div class=\"sow-headline-container \">\n\t\t\t\t\t\t\t<p class=\"sow-sub-headline\">\n\t\t\t\t\t\tREZERVIRAJTE KU\u0106U\t\t\t\t\t\t<\/p>\n\t\t\t\t\t\t\t\t\t\t\t\t<h2 class=\"sow-headline\">\n\t\t\t\t\t\tRezervacija smje\u0161taja\t\t\t\t\t\t<\/h2>\n\t\t\t\t\t\t\t\t\t\t\t<div class=\"decoration\">\n\t\t\t\t\t\t<div class=\"decoration-inside\"><\/div>\n\t\t\t\t\t<\/div>\n\t\t\t\t\t<\/div>\n<\/div><\/div><div id=\"panel-4130-4-0-1\" class=\"so-panel widget widget_sow-button panel-last-child\" data-index=\"11\" ><div\n\t\t\t\n\t\t\tclass=\"so-widget-sow-button so-widget-sow-button-flat-0755bc3e92e7-4130\"\n\t\t\t\n\t\t><div class=\"ow-button-base ow-button-align-center\"\n>\n\t\t\t<a\n\t\t\t\t\thref=\"https:\/\/www.akorcula.com\/hr\/contact\/\"\n\t\t\t\t\tclass=\"ps2id sowb-button ow-icon-placement-right ow-button-hover\" \t>\n\t\t<span>\n\t\t\t<span class=\"sow-icon-fontawesome sow-fas\" data-sow-icon=\"&#xf105;\"\n\t\tstyle=\"color: #ffffff\" \n\t\taria-hidden=\"true\"><\/span>\n\t\t\tRezervacija\t\t<\/span>\n\t\t\t<\/a>\n\t<\/div>\n<\/div><\/div><\/div><\/div><\/div><\/div>","protected":false},"excerpt":{"rendered":"<p>Povijesno mjesto sa zanimljivim starom jezgrom, glavnim trgom i crkvom koji datiraju prije XIV. stolje\u0107a i gdje se odvijaju raznolike kulturne manifestacije. Posjetite ovo mjesto [&hellip;]<\/p>\n <a href=\"https:\/\/www.akorcula.com\/hr\/prizba\/\" class=\"more-link\" title=\"Read More\"> Pro\u010ditajte vi\u0161e<\/a>","protected":false},"author":1,"featured_media":3884,"parent":0,"menu_order":2,"comment_status":"closed","ping_status":"closed","template":"","meta":{"_genesis_hide_title":false,"_genesis_hide_breadcrumbs":false,"_genesis_hide_singular_image":false,"_genesis_hide_footer_widgets":false,"_genesis_custom_body_class":"","_genesis_custom_post_class":"","_genesis_layout":"","footnotes":""},"class_list":{"0":"post-4130","1":"page","2":"type-page","3":"status-publish","4":"has-post-thumbnail","6":"entry"},"jetpack_shortlink":"https:\/\/wp.me\/PaENLs-14C","jetpack_sharing_enabled":true,"_links":{"self":[{"href":"https:\/\/www.akorcula.com\/hr\/wp-json\/wp\/v2\/pages\/4130","targetHints":{"allow":["GET"]}}],"collection":[{"href":"https:\/\/www.akorcula.com\/hr\/wp-json\/wp\/v2\/pages"}],"about":[{"href":"https:\/\/www.akorcula.com\/hr\/wp-json\/wp\/v2\/types\/page"}],"author":[{"embeddable":true,"href":"https:\/\/www.akorcula.com\/hr\/wp-json\/wp\/v2\/users\/1"}],"replies":[{"embeddable":true,"href":"https:\/\/www.akorcula.com\/hr\/wp-json\/wp\/v2\/comments?post=4130"}],"version-history":[{"count":0,"href":"https:\/\/www.akorcula.com\/hr\/wp-json\/wp\/v2\/pages\/4130\/revisions"}],"wp:featuredmedia":[{"embeddable":true,"href":"https:\/\/www.akorcula.com\/hr\/wp-json\/wp\/v2\/media\/3884"}],"wp:attachment":[{"href":"https:\/\/www.akorcula.com\/hr\/wp-json\/wp\/v2\/media?parent=4130"}],"curies":[{"name":"wp","href":"https:\/\/api.w.org\/{rel}","templated":true}]}}