{"id":4123,"date":"2019-01-24T09:38:49","date_gmt":"2019-01-24T08:38:49","guid":{"rendered":"http:\/\/www.akorcula.com\/?page_id=4123"},"modified":"2020-11-30T11:22:23","modified_gmt":"2020-11-30T10:22:23","slug":"location","status":"publish","type":"page","link":"https:\/\/www.akorcula.com\/hr\/location\/","title":{"rendered":"Lokacija Ku\u0107a"},"content":{"rendered":"<div id=\"pl-4123\"  class=\"panel-layout\" ><div id=\"pg-4123-0\"  class=\"panel-grid panel-has-style\" ><div class=\"siteorigin-panels-stretch panel-row-style panel-row-style-for-4123-0\" data-stretch-type=\"full\" ><div id=\"pgc-4123-0-0\"  class=\"panel-grid-cell\" ><div id=\"panel-4123-0-0-0\" class=\"so-panel widget widget_sow-headline panel-first-child panel-last-child\" data-index=\"0\" ><div\n\t\t\t\n\t\t\tclass=\"so-widget-sow-headline so-widget-sow-headline-default-0c655b26ce99-4123\"\n\t\t\t\n\t\t><div class=\"sow-headline-container \">\n\t\t\t\t\t\t\t<p class=\"sow-sub-headline\">\n\t\t\t\t\t\tAkorcula.com Ku\u0107e za odmor\t\t\t\t\t\t<\/p>\n\t\t\t\t\t\t\t\t\t\t\t\t<h1 class=\"sow-headline\">\n\t\t\t\t\t\tKarta i upute za dolazak\t\t\t\t\t\t<\/h1>\n\t\t\t\t\t\t\t\t\t\t\t<div class=\"decoration\">\n\t\t\t\t\t\t<div class=\"decoration-inside\"><\/div>\n\t\t\t\t\t<\/div>\n\t\t\t\t\t<\/div>\n<\/div><\/div><\/div><\/div><\/div><div id=\"pg-4123-1\"  class=\"panel-grid panel-has-style\" ><div class=\"panel-row-style panel-row-style-for-4123-1\" ><div id=\"pgc-4123-1-0\"  class=\"panel-grid-cell\" ><div id=\"panel-4123-1-0-0\" class=\"so-panel widget widget_sow-editor panel-first-child\" data-index=\"1\" ><div\n\t\t\t\n\t\t\tclass=\"so-widget-sow-editor so-widget-sow-editor-base\"\n\t\t\t\n\t\t>\n<div class=\"siteorigin-widget-tinymce textwidget\">\n\t<p>Na otok Kor\u010dula mo\u017eete do\u0107i trajektima iz Splita, Drvenika i Orebi\u0107a. Plovidba iz Splita do Vele Luke traje 3 sata, iz Drvenika do grada Kor\u010dula traje 2 i po sata, a iz Orebi\u0107a do Kor\u010dule 15 minuta. Savjetujemo da u redu za trajekt nastojite biti najmanje 2 sata prije polaska, radi izbjegavanja gu\u017eve.<\/p>\n<\/div>\n<\/div><\/div><div id=\"panel-4123-1-0-1\" class=\"so-panel widget widget_sow-button\" data-index=\"2\" ><div\n\t\t\t\n\t\t\tclass=\"so-widget-sow-button so-widget-sow-button-wire-f2797a5a4b27-4123\"\n\t\t\t\n\t\t><div class=\"ow-button-base ow-button-align-center\"\n>\n\t\t\t<a\n\t\t\t\t\thref=\"#maprow\"\n\t\t\t\t\tclass=\"ps2id sowb-button ow-icon-placement-left ow-button-hover\" \t>\n\t\t<span>\n\t\t\t<span class=\"sow-icon-ionicons\" data-sow-icon=\"&#xf1ff;\"\n\t\tstyle=\"color: #dd3333\" \n\t\taria-hidden=\"true\"><\/span>\n\t\t\tNa kartu\t\t<\/span>\n\t\t\t<\/a>\n\t<\/div>\n<\/div><\/div><div id=\"panel-4123-1-0-2\" class=\"so-panel widget widget_sow-editor panel-last-child\" data-index=\"3\" ><div\n\t\t\t\n\t\t\tclass=\"so-widget-sow-editor so-widget-sow-editor-base\"\n\t\t\t\n\t\t>\n<div class=\"siteorigin-widget-tinymce textwidget\">\n\t<p>Za do\u0107i u uvalu Prigradica treba voziti automobilom iz Kor\u010dule 40 kilometara do Blata ili 7 kilometara iz Vele Luke . Slijedite glavnu cestu koja vodi kroz drvored lipa u mjestu Blatu te pored \u0161kole (\"velika\" plava zgrada\") treba skrenuti desno ako idete iz pravca Kor\u010dule, ili lijevo ako idete iz pravca Vele Luke. Iz Blata do Prigradice se vozi 5 kilometara. Ne skre\u0107u\u0107i nigdje sa glavne ceste, do\u0107i \u0107ete do jedne o\u0161tre okuke na samom ulazu u Prigradicu. Za apartman Kurija s tog mjesta skrenite desno sa glavne ceste te vozite jo\u0161 200 metara. Za apartman Mila nastavite pa \u0107ete do\u0107i u samu uvalu gdje su privezani \u010damci. Na tom mjestu skrenite lijevo te vozite jo\u0161 oko 80 metara.<\/p>\n<p>Za do\u0107i na otok Kor\u010dulu preporu\u010dujemo trajekte: Split - Vela Luka ili\u00a0Plo\u010de - Trpanj (Pelje\u0161ac) and then Orebi\u0107 - Kor\u010dula.<\/p>\n<p><strong>Plovidbeni red trajekata:<\/strong> <a href=\"https:\/\/www.jadrolinija.hr\" target=\"_blank\" rel=\"noopener\">Jadrolinija<\/a><\/p>\n<\/div>\n<\/div><\/div><\/div><\/div><\/div><div id=\"pg-4123-2\"  class=\"panel-grid panel-has-style\" ><div class=\"siteorigin-panels-stretch panel-row-style panel-row-style-for-4123-2\" id=\"maprow\" data-stretch-type=\"full\" ><div id=\"pgc-4123-2-0\"  class=\"panel-grid-cell\" ><div id=\"panel-4123-2-0-0\" class=\"so-panel widget widget_sow-editor panel-first-child panel-last-child\" data-index=\"4\" ><div\n\t\t\t\n\t\t\tclass=\"so-widget-sow-editor so-widget-sow-editor-base\"\n\t\t\t\n\t\t>\n<div class=\"siteorigin-widget-tinymce textwidget\">\n\t\n<\/div>\n<\/div><\/div><\/div><\/div><\/div><\/div>","protected":false},"excerpt":{"rendered":"<p>Na otok Kor\u010dula mo\u017eete do\u0107i trajektima iz Splita, Drvenika i Orebi\u0107a. Plovidba iz Splita do Vele Luke traje 3 sata, iz Drvenika do grada Kor\u010dula [&hellip;]<\/p>\n <a href=\"https:\/\/www.akorcula.com\/hr\/location\/\" class=\"more-link\" title=\"Read More\"> Pro\u010ditajte vi\u0161e<\/a>","protected":false},"author":1,"featured_media":3751,"parent":0,"menu_order":3,"comment_status":"closed","ping_status":"closed","template":"","meta":{"_genesis_hide_title":false,"_genesis_hide_breadcrumbs":false,"_genesis_hide_singular_image":false,"_genesis_hide_footer_widgets":false,"_genesis_custom_body_class":"","_genesis_custom_post_class":"","_genesis_layout":"","footnotes":""},"class_list":{"0":"post-4123","1":"page","2":"type-page","3":"status-publish","4":"has-post-thumbnail","6":"entry"},"jetpack_shortlink":"https:\/\/wp.me\/PaENLs-14v","jetpack_sharing_enabled":true,"_links":{"self":[{"href":"https:\/\/www.akorcula.com\/hr\/wp-json\/wp\/v2\/pages\/4123","targetHints":{"allow":["GET"]}}],"collection":[{"href":"https:\/\/www.akorcula.com\/hr\/wp-json\/wp\/v2\/pages"}],"about":[{"href":"https:\/\/www.akorcula.com\/hr\/wp-json\/wp\/v2\/types\/page"}],"author":[{"embeddable":true,"href":"https:\/\/www.akorcula.com\/hr\/wp-json\/wp\/v2\/users\/1"}],"replies":[{"embeddable":true,"href":"https:\/\/www.akorcula.com\/hr\/wp-json\/wp\/v2\/comments?post=4123"}],"version-history":[{"count":0,"href":"https:\/\/www.akorcula.com\/hr\/wp-json\/wp\/v2\/pages\/4123\/revisions"}],"wp:featuredmedia":[{"embeddable":true,"href":"https:\/\/www.akorcula.com\/hr\/wp-json\/wp\/v2\/media\/3751"}],"wp:attachment":[{"href":"https:\/\/www.akorcula.com\/hr\/wp-json\/wp\/v2\/media?parent=4123"}],"curies":[{"name":"wp","href":"https:\/\/api.w.org\/{rel}","templated":true}]}}